{"id":10,"date":"2016-03-01T20:05:09","date_gmt":"2016-03-01T19:05:09","guid":{"rendered":"http:\/\/www.moser-wohnbedarf.ch\/?page_id=10"},"modified":"2016-04-21T21:05:07","modified_gmt":"2016-04-21T20:05:07","slug":"vorhaenge","status":"publish","type":"page","link":"https:\/\/moser-wohnbedarf.ch\/?page_id=10","title":{"rendered":"Vorh\u00e4nge"},"content":{"rendered":"<p><img fetchpriority=\"high\" decoding=\"async\" class=\"alignright wp-image-86 size-thumbnail\" src=\"https:\/\/moser-wohnbedarf.ch\/wp-content\/uploads\/vorhang2-320x240.jpg\" alt=\"Vorhang2\" width=\"320\" height=\"240\" \/><\/p>\n<p><strong>Vorh\u00e4nge<\/strong><\/p>\n<p>Massgeschneiderte Tag- und Nachtvorh\u00e4nge.<br \/>\nWir bieten Ihnen eine grosse Palette an T\u00fcll- und Dekostoffen von verschiedenen Marken.<\/p>\n<p><strong>Plisses<\/strong><br \/>\nIn diesem Bereich bieten wir Ihnen vielf\u00e4ltige L\u00f6sungen wie Faltrollos, Raffrollos in diversen Ausf\u00fchrungen.<br \/>\nBei Plisses haben wir eine riesige Auswahl f\u00fcr alle Fenster.<br \/>\nPlisses sind bestens geeignet f\u00fcr Dachfenster &#8211; und Sie k\u00f6nnen aus mehreren hundert Stoffen ausw\u00e4hlen.<\/p>\n<p><strong>Lamellenstoren<\/strong><br \/>\nMit Lamellen l\u00e4sst sich die Sonneneinstrahlung flexibel regulieren und die Farbgebung subtil steuern.<br \/>\nGerne beraten wir Sie bez\u00fcglich den verschiedenen Lamellensystemen<\/p>\n<p><strong>Unsere Marken<\/strong><\/p>\n<ul>\n<li><a href=\"http:\/\/www.adoswiss.ch\/\" target=\"_blank\">Ado Swiss<\/a>, Geroldswil<\/li>\n<li><a href=\"http:\/\/www.stardecor.ch\/\" target=\"_blank\">Stardecor<\/a>, Teufen<\/li>\n<li><a href=\"http:\/\/www.stotzdecor.ch\/\" target=\"_blank\">Stotz<\/a>, Bonstetten<\/li>\n<li><a href=\"https:\/\/www.winter-creation.com\/\" target=\"_blank\">Winter Creation<\/a>, M\u00fcnchenstein<\/li>\n<li><a href=\"http:\/\/www.mhz.ch\/\" target=\"_blank\">MHZ<\/a>, Buchs<\/li>\n<li><a href=\"http:\/\/www.silga.ch\/\" target=\"_blank\">Silga, Hunter Douglas,<\/a> W\u00e4ngi<\/li>\n<\/ul>\n","protected":false},"excerpt":{"rendered":"<p>Vorh\u00e4nge Massgeschneiderte Tag- und Nachtvorh\u00e4nge. Wir bieten Ihnen eine grosse Palette an T\u00fcll- und Dekostoffen von verschiedenen Marken. Plisses In diesem Bereich bieten wir Ihnen vielf\u00e4ltige L\u00f6sungen wie Faltrollos, Raffrollos in diversen Ausf\u00fchrungen. Bei Plisses haben wir eine riesige Auswahl &hellip; <a href=\"https:\/\/moser-wohnbedarf.ch\/?page_id=10\">Weiterlesen <span class=\"meta-nav\">&rarr;<\/span><\/a><\/p>\n","protected":false},"author":3,"featured_media":0,"parent":7,"menu_order":220,"comment_status":"closed","ping_status":"closed","template":"","meta":{"footnotes":""},"class_list":["post-10","page","type-page","status-publish","hentry"],"_links":{"self":[{"href":"https:\/\/moser-wohnbedarf.ch\/index.php?rest_route=\/wp\/v2\/pages\/10","targetHints":{"allow":["GET"]}}],"collection":[{"href":"https:\/\/moser-wohnbedarf.ch\/index.php?rest_route=\/wp\/v2\/pages"}],"about":[{"href":"https:\/\/moser-wohnbedarf.ch\/index.php?rest_route=\/wp\/v2\/types\/page"}],"author":[{"embeddable":true,"href":"https:\/\/moser-wohnbedarf.ch\/index.php?rest_route=\/wp\/v2\/users\/3"}],"replies":[{"embeddable":true,"href":"https:\/\/moser-wohnbedarf.ch\/index.php?rest_route=%2Fwp%2Fv2%2Fcomments&post=10"}],"version-history":[{"count":0,"href":"https:\/\/moser-wohnbedarf.ch\/index.php?rest_route=\/wp\/v2\/pages\/10\/revisions"}],"up":[{"embeddable":true,"href":"https:\/\/moser-wohnbedarf.ch\/index.php?rest_route=\/wp\/v2\/pages\/7"}],"wp:attachment":[{"href":"https:\/\/moser-wohnbedarf.ch\/index.php?rest_route=%2Fwp%2Fv2%2Fmedia&parent=10"}],"curies":[{"name":"wp","href":"https:\/\/api.w.org\/{rel}","templated":true}]}}