{"id":16,"date":"2016-03-01T20:11:16","date_gmt":"2016-03-01T19:11:16","guid":{"rendered":"http:\/\/www.moser-wohnbedarf.ch\/?page_id=16"},"modified":"2016-04-01T19:52:21","modified_gmt":"2016-04-01T18:52:21","slug":"impressum","status":"publish","type":"page","link":"https:\/\/moser-wohnbedarf.ch\/?page_id=16","title":{"rendered":"Impressum"},"content":{"rendered":"<p>Verantwortlich f\u00fcr diese Seite ist:<\/p>\n<p>Markus Moser<br \/>\nNarzissenweg 10<br \/>\n5610 Wohlen<br \/>\nTel. 056 622 06 05<br \/>\nFax 056 621 20 67<br \/>\nMail: <a href=\"mailto:info@moser-wohnbedarf.ch\">info@moser-wohnbedarf.ch<\/a><\/p>\n<p>Haftungsausschluss f\u00fcr verlinkte Seiten<br \/>\nTrotz sorgf\u00e4ltiger Auswahl der verlinkten Seiten kann deren Inhalt und Eigent\u00fcmer kurzfristig \u00e4ndern. Moser Wohnbedarf \u00fcbernimmt keine Verantwortung f\u00fcr dessen Inhalt.<\/p>\n","protected":false},"excerpt":{"rendered":"<p>Verantwortlich f\u00fcr diese Seite ist: Markus Moser Narzissenweg 10 5610 Wohlen Tel. 056 622 06 05 Fax 056 621 20 67 Mail: info@moser-wohnbedarf.ch Haftungsausschluss f\u00fcr verlinkte Seiten Trotz sorgf\u00e4ltiger Auswahl der verlinkten Seiten kann deren Inhalt und Eigent\u00fcmer kurzfristig \u00e4ndern. &hellip; <a href=\"https:\/\/moser-wohnbedarf.ch\/?page_id=16\">Weiterlesen <span class=\"meta-nav\">&rarr;<\/span><\/a><\/p>\n","protected":false},"author":3,"featured_media":0,"parent":0,"menu_order":900,"comment_status":"closed","ping_status":"closed","template":"","meta":{"footnotes":""},"class_list":["post-16","page","type-page","status-publish","hentry"],"_links":{"self":[{"href":"https:\/\/moser-wohnbedarf.ch\/index.php?rest_route=\/wp\/v2\/pages\/16","targetHints":{"allow":["GET"]}}],"collection":[{"href":"https:\/\/moser-wohnbedarf.ch\/index.php?rest_route=\/wp\/v2\/pages"}],"about":[{"href":"https:\/\/moser-wohnbedarf.ch\/index.php?rest_route=\/wp\/v2\/types\/page"}],"author":[{"embeddable":true,"href":"https:\/\/moser-wohnbedarf.ch\/index.php?rest_route=\/wp\/v2\/users\/3"}],"replies":[{"embeddable":true,"href":"https:\/\/moser-wohnbedarf.ch\/index.php?rest_route=%2Fwp%2Fv2%2Fcomments&post=16"}],"version-history":[{"count":0,"href":"https:\/\/moser-wohnbedarf.ch\/index.php?rest_route=\/wp\/v2\/pages\/16\/revisions"}],"wp:attachment":[{"href":"https:\/\/moser-wohnbedarf.ch\/index.php?rest_route=%2Fwp%2Fv2%2Fmedia&parent=16"}],"curies":[{"name":"wp","href":"https:\/\/api.w.org\/{rel}","templated":true}]}}