{"id":2,"date":"2016-03-01T20:01:20","date_gmt":"2016-03-01T19:01:20","guid":{"rendered":"http:\/\/www.moser-wohnbedarf.ch\/?page_id=2"},"modified":"2022-04-12T14:19:50","modified_gmt":"2022-04-12T13:19:50","slug":"beispiel-seite","status":"publish","type":"page","link":"https:\/\/moser-wohnbedarf.ch\/","title":{"rendered":"Home"},"content":{"rendered":"<div id=\"attachment_93\" style=\"width: 330px\" class=\"wp-caption alignright\"><img fetchpriority=\"high\" decoding=\"async\" aria-describedby=\"caption-attachment-93\" class=\"size-thumbnail wp-image-93\" src=\"https:\/\/moser-wohnbedarf.ch\/wp-content\/uploads\/Home-320x240.jpg\" alt=\"Tel. 056 622 06 05 Narzissenweg 10 5610 Wohlen\" width=\"320\" height=\"240\" srcset=\"https:\/\/moser-wohnbedarf.ch\/wp-content\/uploads\/Home-320x240.jpg 320w, https:\/\/moser-wohnbedarf.ch\/wp-content\/uploads\/Home-768x576.jpg 768w, https:\/\/moser-wohnbedarf.ch\/wp-content\/uploads\/Home.jpg 800w\" sizes=\"(max-width: 320px) 100vw, 320px\" \/><p id=\"caption-attachment-93\" class=\"wp-caption-text\">Tel. 056 622 06 05<br \/>Narzissenweg 10<br \/>5610 Wohlen<\/p><\/div>\n<p>Gr\u00fcezi und herzlich Willkommen<\/p>\n<p><strong>Bodenbel\u00e4ge<\/strong><br \/>\nGerne verlegen wir Ihren neuen Parkett, Laminat, Teppich sowie Linoleum oder Vinylboden.<\/p>\n<p><strong>Vorh\u00e4nge<\/strong>, Lamellenstoren, Plisses, Vorhangschienen<br \/>\nWir bieten Ihnen Vorh\u00e4nge und Lamellensysteme nach Mass.<\/p>\n<p><strong>Polsteratelier<\/strong><br \/>\nHaben Sie alte Polsterm\u00f6bel?<br \/>\nWir restaurieren alte und neue Polsterm\u00f6bel.<br \/>\nBettwaren von Bico.<\/p>\n<p style=\"text-align: center;\">Rufen Sie an &#8211; Markus Moser in Wohlen<br \/>\noder schreiben Sie uns per <a href=\"mailto:info@moser-wohnbedarf.ch\">Mail<\/a><\/p>\n","protected":false},"excerpt":{"rendered":"<p>Gr\u00fcezi und herzlich Willkommen Bodenbel\u00e4ge Gerne verlegen wir Ihren neuen Parkett, Laminat, Teppich sowie Linoleum oder Vinylboden. Vorh\u00e4nge, Lamellenstoren, Plisses, Vorhangschienen Wir bieten Ihnen Vorh\u00e4nge und Lamellensysteme nach Mass. Polsteratelier Haben Sie alte Polsterm\u00f6bel? Wir restaurieren alte und neue Polsterm\u00f6bel. &hellip; <a href=\"https:\/\/moser-wohnbedarf.ch\/\">Weiterlesen <span class=\"meta-nav\">&rarr;<\/span><\/a><\/p>\n","protected":false},"author":3,"featured_media":0,"parent":0,"menu_order":0,"comment_status":"closed","ping_status":"closed","template":"onecolumn-page.php","meta":{"footnotes":""},"class_list":["post-2","page","type-page","status-publish","hentry"],"_links":{"self":[{"href":"https:\/\/moser-wohnbedarf.ch\/index.php?rest_route=\/wp\/v2\/pages\/2","targetHints":{"allow":["GET"]}}],"collection":[{"href":"https:\/\/moser-wohnbedarf.ch\/index.php?rest_route=\/wp\/v2\/pages"}],"about":[{"href":"https:\/\/moser-wohnbedarf.ch\/index.php?rest_route=\/wp\/v2\/types\/page"}],"author":[{"embeddable":true,"href":"https:\/\/moser-wohnbedarf.ch\/index.php?rest_route=\/wp\/v2\/users\/3"}],"replies":[{"embeddable":true,"href":"https:\/\/moser-wohnbedarf.ch\/index.php?rest_route=%2Fwp%2Fv2%2Fcomments&post=2"}],"version-history":[{"count":0,"href":"https:\/\/moser-wohnbedarf.ch\/index.php?rest_route=\/wp\/v2\/pages\/2\/revisions"}],"wp:attachment":[{"href":"https:\/\/moser-wohnbedarf.ch\/index.php?rest_route=%2Fwp%2Fv2%2Fmedia&parent=2"}],"curies":[{"name":"wp","href":"https:\/\/api.w.org\/{rel}","templated":true}]}}