{"id":91,"date":"2016-04-08T13:06:47","date_gmt":"2016-04-08T12:06:47","guid":{"rendered":"http:\/\/www.moser-wohnbedarf.ch\/?page_id=91"},"modified":"2017-02-17T21:47:30","modified_gmt":"2017-02-17T20:47:30","slug":"betten-moebel","status":"publish","type":"page","link":"https:\/\/moser-wohnbedarf.ch\/?page_id=91","title":{"rendered":"Polsteratelier"},"content":{"rendered":"<p><strong><img fetchpriority=\"high\" decoding=\"async\" class=\"alignright size-thumbnail wp-image-146\" src=\"https:\/\/moser-wohnbedarf.ch\/wp-content\/uploads\/Polsterstuhl-320x240.jpg\" alt=\"\" width=\"320\" height=\"240\" srcset=\"https:\/\/moser-wohnbedarf.ch\/wp-content\/uploads\/Polsterstuhl-320x240.jpg 320w, https:\/\/moser-wohnbedarf.ch\/wp-content\/uploads\/Polsterstuhl.jpg 480w\" sizes=\"(max-width: 320px) 100vw, 320px\" \/><\/strong><\/p>\n<p><strong>Polsterm\u00f6bel<\/strong><br \/>\nHaben Sie alte Polsterm\u00f6bel?<br \/>\nWir polstern und \u00fcberziehen Ihre Polsterm\u00f6bel und St\u00fchle neu &#8211;<br \/>\nganz nach Ihrem Wunsch.<br \/>\nGerne beraten wir Sie pers\u00f6nlich.<\/p>\n<p>Haben Sie Fragen? Rufen Sie uns an.<\/p>\n<p><strong>Unsere Marken<\/strong><\/p>\n<ul>\n<li><a href=\"http:\/\/www.bico.ch\/\">Bico<\/a>, Sch\u00e4nis<\/li>\n<li><a href=\"http:\/\/www.roviva.ch\/\">Roviva<\/a>, Wangen an der Aare<\/li>\n<li><a href=\"http:\/\/www.tiscatiara.com\/\">Mira X<\/a>, B\u00fchler<\/li>\n<li><a href=\"http:\/\/www.saum-und-viebahn.de\/\">Saum &amp; Viebahn<\/a>, Kulmbach<\/li>\n<li><a href=\"http:\/\/www.landenberg.ch\/\">Landenberg<\/a>, St.Gallen<\/li>\n<\/ul>\n<p>&nbsp;<\/p>\n","protected":false},"excerpt":{"rendered":"<p>Polsterm\u00f6bel Haben Sie alte Polsterm\u00f6bel? Wir polstern und \u00fcberziehen Ihre Polsterm\u00f6bel und St\u00fchle neu &#8211; ganz nach Ihrem Wunsch. Gerne beraten wir Sie pers\u00f6nlich. Haben Sie Fragen? Rufen Sie uns an. Unsere Marken Bico, Sch\u00e4nis Roviva, Wangen an der Aare &hellip; <a href=\"https:\/\/moser-wohnbedarf.ch\/?page_id=91\">Weiterlesen <span class=\"meta-nav\">&rarr;<\/span><\/a><\/p>\n","protected":false},"author":3,"featured_media":0,"parent":7,"menu_order":230,"comment_status":"closed","ping_status":"closed","template":"","meta":{"footnotes":""},"class_list":["post-91","page","type-page","status-publish","hentry"],"_links":{"self":[{"href":"https:\/\/moser-wohnbedarf.ch\/index.php?rest_route=\/wp\/v2\/pages\/91","targetHints":{"allow":["GET"]}}],"collection":[{"href":"https:\/\/moser-wohnbedarf.ch\/index.php?rest_route=\/wp\/v2\/pages"}],"about":[{"href":"https:\/\/moser-wohnbedarf.ch\/index.php?rest_route=\/wp\/v2\/types\/page"}],"author":[{"embeddable":true,"href":"https:\/\/moser-wohnbedarf.ch\/index.php?rest_route=\/wp\/v2\/users\/3"}],"replies":[{"embeddable":true,"href":"https:\/\/moser-wohnbedarf.ch\/index.php?rest_route=%2Fwp%2Fv2%2Fcomments&post=91"}],"version-history":[{"count":0,"href":"https:\/\/moser-wohnbedarf.ch\/index.php?rest_route=\/wp\/v2\/pages\/91\/revisions"}],"up":[{"embeddable":true,"href":"https:\/\/moser-wohnbedarf.ch\/index.php?rest_route=\/wp\/v2\/pages\/7"}],"wp:attachment":[{"href":"https:\/\/moser-wohnbedarf.ch\/index.php?rest_route=%2Fwp%2Fv2%2Fmedia&parent=91"}],"curies":[{"name":"wp","href":"https:\/\/api.w.org\/{rel}","templated":true}]}}