{"id":94,"date":"2016-04-08T14:44:38","date_gmt":"2016-04-08T13:44:38","guid":{"rendered":"http:\/\/www.moser-wohnbedarf.ch\/?page_id=94"},"modified":"2016-04-08T15:26:30","modified_gmt":"2016-04-08T14:26:30","slug":"wissenswertes","status":"publish","type":"page","link":"https:\/\/moser-wohnbedarf.ch\/?page_id=94","title":{"rendered":"Wissenswertes"},"content":{"rendered":"<p><strong>Pflegeservice<\/strong><\/p>\n<p>Porentief zu neuem Glanz<\/p>\n<p>Nichts in Ihrem Heim wird derart strapaziert, wie Ihr Parkett, die Spuren des Alltags zeichnen ihn.<br \/>\nNebst Unterhaltsreinigung ben\u00f6tigen Parkettb\u00f6den in regelm\u00e4ssigen Abst\u00e4nden intensive Pflege.<br \/>\nDamit erhalten Sie den Charakter und den Wert Ihres Bodens, egal ob versiegelt oder ge\u00f6lt.<br \/>\nMit unseren professionellen Reinigungsmaschinen s\u00e4ubern wir Ihren Parkett fachm\u00e4nnisch und porentief.<br \/>\nSpeziell auf Ihr Parkett abgestimmte Pflegeprodukte erh\u00f6hen den Schutz des Holzes und bringen neuen Glanz in Ihr Zuhause.<\/p>\n<p>Gerne beraten wir Sie unverbindlich bei Ihnen daheim.<\/p>\n","protected":false},"excerpt":{"rendered":"<p>Pflegeservice Porentief zu neuem Glanz Nichts in Ihrem Heim wird derart strapaziert, wie Ihr Parkett, die Spuren des Alltags zeichnen ihn. Nebst Unterhaltsreinigung ben\u00f6tigen Parkettb\u00f6den in regelm\u00e4ssigen Abst\u00e4nden intensive Pflege. Damit erhalten Sie den Charakter und den Wert Ihres Bodens, &hellip; <a href=\"https:\/\/moser-wohnbedarf.ch\/?page_id=94\">Weiterlesen <span class=\"meta-nav\">&rarr;<\/span><\/a><\/p>\n","protected":false},"author":3,"featured_media":0,"parent":0,"menu_order":300,"comment_status":"closed","ping_status":"closed","template":"","meta":{"footnotes":""},"class_list":["post-94","page","type-page","status-publish","hentry"],"_links":{"self":[{"href":"https:\/\/moser-wohnbedarf.ch\/index.php?rest_route=\/wp\/v2\/pages\/94","targetHints":{"allow":["GET"]}}],"collection":[{"href":"https:\/\/moser-wohnbedarf.ch\/index.php?rest_route=\/wp\/v2\/pages"}],"about":[{"href":"https:\/\/moser-wohnbedarf.ch\/index.php?rest_route=\/wp\/v2\/types\/page"}],"author":[{"embeddable":true,"href":"https:\/\/moser-wohnbedarf.ch\/index.php?rest_route=\/wp\/v2\/users\/3"}],"replies":[{"embeddable":true,"href":"https:\/\/moser-wohnbedarf.ch\/index.php?rest_route=%2Fwp%2Fv2%2Fcomments&post=94"}],"version-history":[{"count":0,"href":"https:\/\/moser-wohnbedarf.ch\/index.php?rest_route=\/wp\/v2\/pages\/94\/revisions"}],"wp:attachment":[{"href":"https:\/\/moser-wohnbedarf.ch\/index.php?rest_route=%2Fwp%2Fv2%2Fmedia&parent=94"}],"curies":[{"name":"wp","href":"https:\/\/api.w.org\/{rel}","templated":true}]}}